{"id":715,"date":"2024-01-01T19:40:47","date_gmt":"2024-01-02T00:40:47","guid":{"rendered":"https:\/\/csmodestie.org\/?page_id=715"},"modified":"2025-10-06T21:56:40","modified_gmt":"2025-10-07T01:56:40","slug":"service-vaccins","status":"publish","type":"page","link":"https:\/\/csmodestie.org\/index.php\/service-vaccins\/","title":{"rendered":"service-vaccins"},"content":{"rendered":"\t\t<div data-elementor-type=\"wp-page\" data-elementor-id=\"715\" class=\"elementor elementor-715\">\n\t\t\t\t\t\t<section class=\"elementor-section elementor-top-section elementor-element elementor-element-7cf1490c elementor-section-stretched elementor-section-height-min-height elementor-section-boxed elementor-section-height-default elementor-section-items-middle wpr-particle-no wpr-jarallax-no wpr-parallax-no wpr-sticky-section-no jltma-glass-effect-no\" data-id=\"7cf1490c\" data-element_type=\"section\" data-e-type=\"section\" data-settings=\"{&quot;stretch_section&quot;:&quot;section-stretched&quot;}\">\n\t\t\t\t\t\t<div class=\"elementor-container elementor-column-gap-default\">\n\t\t\t\t\t<div class=\"elementor-column elementor-col-33 elementor-top-column elementor-element elementor-element-2d2e9ac1 jltma-glass-effect-no\" data-id=\"2d2e9ac1\" data-element_type=\"column\" data-e-type=\"column\">\n\t\t\t<div class=\"elementor-widget-wrap elementor-element-populated\">\n\t\t\t\t\t\t<div class=\"elementor-element elementor-element-4a341373 elementor-view-default jltma-glass-effect-no elementor-widget elementor-widget-icon\" data-id=\"4a341373\" data-element_type=\"widget\" data-e-type=\"widget\" data-widget_type=\"icon.default\">\n\t\t\t\t<div class=\"elementor-widget-container\">\n\t\t\t\t\t\t\t<div class=\"elementor-icon-wrapper\">\n\t\t\t<a class=\"elementor-icon\" href=\"http:\/\/localhost\/csmodestie\/\">\n\t\t\t<i aria-hidden=\"true\" class=\"lnr lnr-home\"><\/i>\t\t\t<\/a>\n\t\t<\/div>\n\t\t\t\t\t\t<\/div>\n\t\t\t\t<\/div>\n\t\t\t\t\t<\/div>\n\t\t<\/div>\n\t\t\t\t<div class=\"elementor-column elementor-col-33 elementor-top-column elementor-element elementor-element-2b2a133b jltma-glass-effect-no\" data-id=\"2b2a133b\" data-element_type=\"column\" data-e-type=\"column\">\n\t\t\t<div class=\"elementor-widget-wrap elementor-element-populated\">\n\t\t\t\t\t\t<div class=\"elementor-element elementor-element-24518a3f jltma-glass-effect-no elementor-widget elementor-widget-text-editor\" data-id=\"24518a3f\" data-element_type=\"widget\" data-e-type=\"widget\" data-widget_type=\"text-editor.default\">\n\t\t\t\t<div class=\"elementor-widget-container\">\n\t\t\t\t\t\t\t\t\t<p>Services &gt; vaccins<\/p>\t\t\t\t\t\t\t\t<\/div>\n\t\t\t\t<\/div>\n\t\t\t\t\t<\/div>\n\t\t<\/div>\n\t\t\t\t<div class=\"elementor-column elementor-col-33 elementor-top-column elementor-element elementor-element-17410e01 jltma-glass-effect-no\" data-id=\"17410e01\" data-element_type=\"column\" data-e-type=\"column\">\n\t\t\t<div class=\"elementor-widget-wrap\">\n\t\t\t\t\t\t\t<\/div>\n\t\t<\/div>\n\t\t\t\t\t<\/div>\n\t\t<\/section>\n\t\t\t\t<section class=\"elementor-section elementor-top-section elementor-element elementor-element-76971f86 elementor-section-stretched elementor-section-boxed elementor-section-height-default elementor-section-height-default wpr-particle-no wpr-jarallax-no wpr-parallax-no wpr-sticky-section-no jltma-glass-effect-no\" data-id=\"76971f86\" data-element_type=\"section\" data-e-type=\"section\" data-settings=\"{&quot;stretch_section&quot;:&quot;section-stretched&quot;}\">\n\t\t\t\t\t\t<div class=\"elementor-container elementor-column-gap-default\">\n\t\t\t\t\t<div class=\"elementor-column elementor-col-100 elementor-top-column elementor-element elementor-element-3d6c7e70 jltma-glass-effect-no\" data-id=\"3d6c7e70\" data-element_type=\"column\" data-e-type=\"column\">\n\t\t\t<div class=\"elementor-widget-wrap elementor-element-populated\">\n\t\t\t\t\t\t<div class=\"elementor-element elementor-element-6cdd6273 jltma-glass-effect-no elementor-widget elementor-widget-sina_banner_slider\" data-id=\"6cdd6273\" data-element_type=\"widget\" data-e-type=\"widget\" data-widget_type=\"sina_banner_slider.default\">\n\t\t\t\t<div class=\"elementor-widget-container\">\n\t\t\t\t\t\t\t<div class=\"sina-banner-slider owl-carousel\"\r\n\t\tdata-autoplay=\"yes\"\r\n\t\tdata-pause=\"yes\"\r\n\t\tdata-nav=\"yes\"\r\n\t\tdata-dots=\"yes\"\r\n\t\tdata-mouse-drag=\"yes\"\r\n\t\tdata-touch-drag=\"yes\"\r\n\t\tdata-loop=\"yes\"\r\n\t\tdata-speed=\"\"\r\n\t\tdata-part-anim=\"yes\"\r\n\t\tdata-delay=\"15000\">\r\n\r\n\t\t\t\t\t\t\t<div class=\"sina-slider-content sina-bg-cover\" style=\"background-image: url(http:\/\/csmodestie.org\/wp-content\/uploads\/2024\/01\/11.jpg);\">\r\n\t\t\t\t\t\t\t\t\t\t\t<div class=\"sina-overlay\"><\/div>\r\n\t\t\t\t\t\r\n\t\t\t\t\t<div class=\"sina-banner-container elementor-repeater-item-ab9e910\">\r\n\r\n\t\t\t\t\t\t\t\t\t\t\t\t\t\t\t\t\t\t\t\t<h3 class=\"sina-banner-title sina-anim-invisible\" data-animation=\"animated fadeInLeft\">Vaccins<\/h3>\t\t\t\t\t\t\r\n\t\t\t\t\t\t\t\t\t\t\t\t\t<h2 class=\"sina-banner-subtitle sina-anim-invisible\" data-animation=\"animated fadeInLeft\">_______<\/h2>\t\t\t\t\t\t\r\n\t\t\t\t\t\t\r\n\t\t\t\t\t\t\t\t\t\t\t\t\t<div class=\"sina-banner-btns sina-anim-invisible\" data-animation=\"animated fadeInUp\">\r\n\t\t\t\t\t\t\t\t\r\n\t\t\t\t\t\t\t\t\t\t\t\t\t\t\t\t\t<a class=\"sina-banner-sbtn   \"\r\n\t\t\t\t\t\t\t\t\t\t\t\t\t\t\t\t\t\thref=\"#\"\r\n\t\t\t\t\t\t\t\t\t\t\t\t\t\t\t\t\t\t>\r\n\t\t\t\t\t\t\t\t\t\t\t\t \t\t\t\t\t\t\t\t\t\t\t<\/a>\r\n\t\t\t\t\t\t\t\t\t\t\t\t\t\t\t<\/div>\r\n\t\t\t\t\t\t\t\t\t\t\t<\/div>\r\n\t\t\t\t<\/div>\r\n\t\t\t\t\t\t\t<div class=\"sina-slider-content sina-bg-cover\" style=\"background-image: url(http:\/\/csmodestie.org\/wp-content\/uploads\/2024\/01\/12.jpg);\">\r\n\t\t\t\t\t\t\t\t\t\t\t<div class=\"sina-overlay\"><\/div>\r\n\t\t\t\t\t\r\n\t\t\t\t\t<div class=\"sina-banner-container elementor-repeater-item-8b7abf3\">\r\n\r\n\t\t\t\t\t\t\t\t\t\t\t\t\t\t\t\t\t\t\t\t<h3 class=\"sina-banner-title sina-anim-invisible\" data-animation=\"animated fadeInLeft\">Service d'urgences<\/h3>\t\t\t\t\t\t\r\n\t\t\t\t\t\t\t\t\t\t\t\t\t<h2 class=\"sina-banner-subtitle sina-anim-invisible\" data-animation=\"animated fadeInLeft\">_______<\/h2>\t\t\t\t\t\t\r\n\t\t\t\t\t\t\r\n\t\t\t\t\t\t\t\t\t\t\t\t\t<div class=\"sina-banner-btns sina-anim-invisible\" data-animation=\"animated fadeInUp\">\r\n\t\t\t\t\t\t\t\t\r\n\t\t\t\t\t\t\t\t\t\t\t\t\t\t\t\t\t<a class=\"sina-banner-sbtn   \"\r\n\t\t\t\t\t\t\t\t\t\t\t\t\t\t\t\t\t\thref=\"#\"\r\n\t\t\t\t\t\t\t\t\t\t\t\t\t\t\t\t\t\t>\r\n\t\t\t\t\t\t\t\t\t\t\t\t \t\t\t\t\t\t\t\t\t\t\t<\/a>\r\n\t\t\t\t\t\t\t\t\t\t\t\t\t\t\t<\/div>\r\n\t\t\t\t\t\t\t\t\t\t\t<\/div>\r\n\t\t\t\t<\/div>\r\n\t\t\t\t\t\t\t<div class=\"sina-slider-content sina-bg-cover\" style=\"background-image: url(http:\/\/csmodestie.org\/wp-content\/uploads\/2024\/01\/13.jpg);\">\r\n\t\t\t\t\t\t\t\t\t\t\t<div class=\"sina-overlay\"><\/div>\r\n\t\t\t\t\t\r\n\t\t\t\t\t<div class=\"sina-banner-container elementor-repeater-item-ff9e330\">\r\n\r\n\t\t\t\t\t\t\t\t\t\t\t\t\t\t\t\t\t\t\t\t<h3 class=\"sina-banner-title sina-anim-invisible\" data-animation=\"animated fadeInLeft\">Consultation<\/h3>\t\t\t\t\t\t\r\n\t\t\t\t\t\t\t\t\t\t\t\t\t<h2 class=\"sina-banner-subtitle sina-anim-invisible\" data-animation=\"animated fadeInLeft\">_______<\/h2>\t\t\t\t\t\t\r\n\t\t\t\t\t\t\r\n\t\t\t\t\t\t\t\t\t\t\t\t\t<div class=\"sina-banner-btns sina-anim-invisible\" data-animation=\"animated fadeInUp\">\r\n\t\t\t\t\t\t\t\t\r\n\t\t\t\t\t\t\t\t\t\t\t\t\t\t\t\t\t<a class=\"sina-banner-sbtn   \"\r\n\t\t\t\t\t\t\t\t\t\t\t\t\t\t\t\t\t\thref=\"#\"\r\n\t\t\t\t\t\t\t\t\t\t\t\t\t\t\t\t\t\t>\r\n\t\t\t\t\t\t\t\t\t\t\t\t \t\t\t\t\t\t\t\t\t\t\t<\/a>\r\n\t\t\t\t\t\t\t\t\t\t\t\t\t\t\t<\/div>\r\n\t\t\t\t\t\t\t\t\t\t\t<\/div>\r\n\t\t\t\t<\/div>\r\n\t\t\t\t\t\t\t<div class=\"sina-slider-content sina-bg-cover\" style=\"background-image: url(http:\/\/csmodestie.org\/wp-content\/uploads\/2024\/01\/14.jpg);\">\r\n\t\t\t\t\t\t\t\t\t\t\t<div class=\"sina-overlay\"><\/div>\r\n\t\t\t\t\t\r\n\t\t\t\t\t<div class=\"sina-banner-container elementor-repeater-item-ee5e4a2\">\r\n\r\n\t\t\t\t\t\t\t\t\t\t\t\t\t\t\t\t\t\t\t\t<h3 class=\"sina-banner-title sina-anim-invisible\" data-animation=\"animated fadeInLeft\">Soins<\/h3>\t\t\t\t\t\t\r\n\t\t\t\t\t\t\t\t\t\t\t\t\t<h2 class=\"sina-banner-subtitle sina-anim-invisible\" data-animation=\"animated fadeInLeft\">_______<\/h2>\t\t\t\t\t\t\r\n\t\t\t\t\t\t\r\n\t\t\t\t\t\t\t\t\t\t\t\t\t<div class=\"sina-banner-btns sina-anim-invisible\" data-animation=\"animated fadeInUp\">\r\n\t\t\t\t\t\t\t\t\r\n\t\t\t\t\t\t\t\t\t\t\t\t\t\t\t\t\t<a class=\"sina-banner-sbtn   \"\r\n\t\t\t\t\t\t\t\t\t\t\t\t\t\t\t\t\t\thref=\"#\"\r\n\t\t\t\t\t\t\t\t\t\t\t\t\t\t\t\t\t\t>\r\n\t\t\t\t\t\t\t\t\t\t\t\t \t\t\t\t\t\t\t\t\t\t\t<\/a>\r\n\t\t\t\t\t\t\t\t\t\t\t\t\t\t\t<\/div>\r\n\t\t\t\t\t\t\t\t\t\t\t<\/div>\r\n\t\t\t\t<\/div>\r\n\t\t\t\t\t\t\t<div class=\"sina-slider-content sina-bg-cover\" style=\"background-image: url(http:\/\/csmodestie.org\/wp-content\/uploads\/2024\/01\/10.jpg);\">\r\n\t\t\t\t\t\t\t\t\t\t\t<div class=\"sina-overlay\"><\/div>\r\n\t\t\t\t\t\r\n\t\t\t\t\t<div class=\"sina-banner-container elementor-repeater-item-ceb4258\">\r\n\r\n\t\t\t\t\t\t\t\t\t\t\t\t\t\t\t\t\t\t\t\t<h3 class=\"sina-banner-title sina-anim-invisible\" data-animation=\"animated fadeInLeft\">Labo<\/h3>\t\t\t\t\t\t\r\n\t\t\t\t\t\t\t\t\t\t\t\t\t<h2 class=\"sina-banner-subtitle sina-anim-invisible\" data-animation=\"animated fadeInLeft\">_______<\/h2>\t\t\t\t\t\t\r\n\t\t\t\t\t\t\r\n\t\t\t\t\t\t\t\t\t\t\t\t\t<div class=\"sina-banner-btns sina-anim-invisible\" data-animation=\"animated fadeInUp\">\r\n\t\t\t\t\t\t\t\t\r\n\t\t\t\t\t\t\t\t\t\t\t\t\t\t\t\t\t<a class=\"sina-banner-sbtn   \"\r\n\t\t\t\t\t\t\t\t\t\t\t\t\t\t\t\t\t\thref=\"#\"\r\n\t\t\t\t\t\t\t\t\t\t\t\t\t\t\t\t\t\t>\r\n\t\t\t\t\t\t\t\t\t\t\t\t \t\t\t\t\t\t\t\t\t\t\t<\/a>\r\n\t\t\t\t\t\t\t\t\t\t\t\t\t\t\t<\/div>\r\n\t\t\t\t\t\t\t\t\t\t\t<\/div>\r\n\t\t\t\t<\/div>\r\n\t\t\t\t\t\t\t<div class=\"sina-slider-content sina-bg-cover\" style=\"background-image: url(http:\/\/csmodestie.org\/wp-content\/uploads\/2024\/01\/9.jpg);\">\r\n\t\t\t\t\t\t\t\t\t\t\t<div class=\"sina-overlay\"><\/div>\r\n\t\t\t\t\t\r\n\t\t\t\t\t<div class=\"sina-banner-container elementor-repeater-item-53d254d\">\r\n\r\n\t\t\t\t\t\t\t\t\t\t\t\t\t\t\t\t\t\t\t\t<h3 class=\"sina-banner-title sina-anim-invisible\" data-animation=\"animated fadeInLeft\">Covid-19<\/h3>\t\t\t\t\t\t\r\n\t\t\t\t\t\t\t\t\t\t\t\t\t<h2 class=\"sina-banner-subtitle sina-anim-invisible\" data-animation=\"animated fadeInLeft\">_______<\/h2>\t\t\t\t\t\t\r\n\t\t\t\t\t\t\r\n\t\t\t\t\t\t\t\t\t\t\t\t\t<div class=\"sina-banner-btns sina-anim-invisible\" data-animation=\"animated fadeInUp\">\r\n\t\t\t\t\t\t\t\t\r\n\t\t\t\t\t\t\t\t\t\t\t\t\t\t\t\t\t<a class=\"sina-banner-sbtn   \"\r\n\t\t\t\t\t\t\t\t\t\t\t\t\t\t\t\t\t\thref=\"#\"\r\n\t\t\t\t\t\t\t\t\t\t\t\t\t\t\t\t\t\t>\r\n\t\t\t\t\t\t\t\t\t\t\t\t \t\t\t\t\t\t\t\t\t\t\t<\/a>\r\n\t\t\t\t\t\t\t\t\t\t\t\t\t\t\t<\/div>\r\n\t\t\t\t\t\t\t\t\t\t\t<\/div>\r\n\t\t\t\t<\/div>\r\n\t\t\t\t\t<\/div><!-- .sina-banner-slider -->\r\n\t\t\t\t\t\t<\/div>\n\t\t\t\t<\/div>\n\t\t\t\t\t<\/div>\n\t\t<\/div>\n\t\t\t\t\t<\/div>\n\t\t<\/section>\n\t\t\t\t<section class=\"elementor-section elementor-top-section elementor-element elementor-element-695e1bbb elementor-section-stretched elementor-section-boxed elementor-section-height-default elementor-section-height-default wpr-particle-no wpr-jarallax-no wpr-parallax-no wpr-sticky-section-no jltma-glass-effect-no\" data-id=\"695e1bbb\" data-element_type=\"section\" data-e-type=\"section\" data-settings=\"{&quot;stretch_section&quot;:&quot;section-stretched&quot;,&quot;background_background&quot;:&quot;classic&quot;}\">\n\t\t\t\t\t\t<div class=\"elementor-container elementor-column-gap-default\">\n\t\t\t\t\t<div class=\"elementor-column elementor-col-50 elementor-top-column elementor-element elementor-element-4b923bfb jltma-glass-effect-no\" data-id=\"4b923bfb\" data-element_type=\"column\" data-e-type=\"column\" data-settings=\"{&quot;background_background&quot;:&quot;classic&quot;}\">\n\t\t\t<div class=\"elementor-widget-wrap elementor-element-populated\">\n\t\t\t\t\t\t<section class=\"elementor-section elementor-inner-section elementor-element elementor-element-708fc8b3 elementor-section-boxed elementor-section-height-default elementor-section-height-default wpr-particle-no wpr-jarallax-no wpr-parallax-no wpr-sticky-section-no jltma-glass-effect-no\" data-id=\"708fc8b3\" data-element_type=\"section\" data-e-type=\"section\">\n\t\t\t\t\t\t<div class=\"elementor-container elementor-column-gap-default\">\n\t\t\t\t\t<div class=\"elementor-column elementor-col-100 elementor-inner-column elementor-element elementor-element-6bcd45a1 jltma-glass-effect-no\" data-id=\"6bcd45a1\" data-element_type=\"column\" data-e-type=\"column\" data-settings=\"{&quot;background_background&quot;:&quot;classic&quot;}\">\n\t\t\t<div class=\"elementor-widget-wrap elementor-element-populated\">\n\t\t\t\t\t\t<div class=\"elementor-element elementor-element-2810e8fb jltma-glass-effect-no elementor-widget elementor-widget-heading\" data-id=\"2810e8fb\" data-element_type=\"widget\" data-e-type=\"widget\" data-widget_type=\"heading.default\">\n\t\t\t\t<div class=\"elementor-widget-container\">\n\t\t\t\t\t<h4 class=\"elementor-heading-title elementor-size-default\">Services<\/h4>\t\t\t\t<\/div>\n\t\t\t\t<\/div>\n\t\t\t\t\t<\/div>\n\t\t<\/div>\n\t\t\t\t\t<\/div>\n\t\t<\/section>\n\t\t\t\t<section class=\"elementor-section elementor-inner-section elementor-element elementor-element-6150e838 elementor-section-boxed elementor-section-height-default elementor-section-height-default wpr-particle-no wpr-jarallax-no wpr-parallax-no wpr-sticky-section-no jltma-glass-effect-no\" data-id=\"6150e838\" data-element_type=\"section\" data-e-type=\"section\">\n\t\t\t\t\t\t<div class=\"elementor-container elementor-column-gap-default\">\n\t\t\t\t\t<div class=\"elementor-column elementor-col-100 elementor-inner-column elementor-element elementor-element-290f1a48 jltma-glass-effect-no\" data-id=\"290f1a48\" data-element_type=\"column\" data-e-type=\"column\" data-settings=\"{&quot;background_background&quot;:&quot;classic&quot;}\">\n\t\t\t<div class=\"elementor-widget-wrap elementor-element-populated\">\n\t\t\t\t\t\t<div class=\"elementor-element elementor-element-2b237c3c jltma-glass-effect-no elementor-widget elementor-widget-heading\" data-id=\"2b237c3c\" data-element_type=\"widget\" data-e-type=\"widget\" data-widget_type=\"heading.default\">\n\t\t\t\t<div class=\"elementor-widget-container\">\n\t\t\t\t\t<h5 class=\"elementor-heading-title elementor-size-default\"><a href=\"http:\/\/csmodestie.org\/index.php\/service-urgence\/\">Urgence<\/a><\/h5>\t\t\t\t<\/div>\n\t\t\t\t<\/div>\n\t\t\t\t\t<\/div>\n\t\t<\/div>\n\t\t\t\t\t<\/div>\n\t\t<\/section>\n\t\t\t\t<section class=\"elementor-section elementor-inner-section elementor-element elementor-element-720ee5b6 elementor-section-boxed elementor-section-height-default elementor-section-height-default wpr-particle-no wpr-jarallax-no wpr-parallax-no wpr-sticky-section-no jltma-glass-effect-no\" data-id=\"720ee5b6\" data-element_type=\"section\" data-e-type=\"section\">\n\t\t\t\t\t\t<div class=\"elementor-container elementor-column-gap-default\">\n\t\t\t\t\t<div class=\"elementor-column elementor-col-100 elementor-inner-column elementor-element elementor-element-bd0947b jltma-glass-effect-no\" data-id=\"bd0947b\" data-element_type=\"column\" data-e-type=\"column\">\n\t\t\t<div class=\"elementor-widget-wrap elementor-element-populated\">\n\t\t\t\t\t\t<div class=\"elementor-element elementor-element-2645a923 jltma-glass-effect-no elementor-widget elementor-widget-heading\" data-id=\"2645a923\" data-element_type=\"widget\" data-e-type=\"widget\" data-widget_type=\"heading.default\">\n\t\t\t\t<div class=\"elementor-widget-container\">\n\t\t\t\t\t<h4 class=\"elementor-heading-title elementor-size-default\"><a href=\"http:\/\/csmodestie.org\/index.php\/service-consultation\/\">Consultation<\/a><\/h4>\t\t\t\t<\/div>\n\t\t\t\t<\/div>\n\t\t\t\t\t<\/div>\n\t\t<\/div>\n\t\t\t\t\t<\/div>\n\t\t<\/section>\n\t\t\t\t<section class=\"elementor-section elementor-inner-section elementor-element elementor-element-7539c5df elementor-section-boxed elementor-section-height-default elementor-section-height-default wpr-particle-no wpr-jarallax-no wpr-parallax-no wpr-sticky-section-no jltma-glass-effect-no\" data-id=\"7539c5df\" data-element_type=\"section\" data-e-type=\"section\">\n\t\t\t\t\t\t<div class=\"elementor-container elementor-column-gap-default\">\n\t\t\t\t\t<div class=\"elementor-column elementor-col-100 elementor-inner-column elementor-element elementor-element-67753577 jltma-glass-effect-no\" data-id=\"67753577\" data-element_type=\"column\" data-e-type=\"column\" data-settings=\"{&quot;background_background&quot;:&quot;classic&quot;}\">\n\t\t\t<div class=\"elementor-widget-wrap elementor-element-populated\">\n\t\t\t\t\t\t<div class=\"elementor-element elementor-element-41ee4f8f jltma-glass-effect-no elementor-widget elementor-widget-heading\" data-id=\"41ee4f8f\" data-element_type=\"widget\" data-e-type=\"widget\" data-widget_type=\"heading.default\">\n\t\t\t\t<div class=\"elementor-widget-container\">\n\t\t\t\t\t<h4 class=\"elementor-heading-title elementor-size-default\"><a href=\"https:\/\/csmodestie.org\/index.php\/service-soin\/\">Soins<\/a><\/h4>\t\t\t\t<\/div>\n\t\t\t\t<\/div>\n\t\t\t\t\t<\/div>\n\t\t<\/div>\n\t\t\t\t\t<\/div>\n\t\t<\/section>\n\t\t\t\t<section class=\"elementor-section elementor-inner-section elementor-element elementor-element-481dbcb3 elementor-section-boxed elementor-section-height-default elementor-section-height-default wpr-particle-no wpr-jarallax-no wpr-parallax-no wpr-sticky-section-no jltma-glass-effect-no\" data-id=\"481dbcb3\" data-element_type=\"section\" data-e-type=\"section\">\n\t\t\t\t\t\t<div class=\"elementor-container elementor-column-gap-default\">\n\t\t\t\t\t<div class=\"elementor-column elementor-col-100 elementor-inner-column elementor-element elementor-element-60b93971 jltma-glass-effect-no\" data-id=\"60b93971\" data-element_type=\"column\" data-e-type=\"column\" data-settings=\"{&quot;background_background&quot;:&quot;classic&quot;}\">\n\t\t\t<div class=\"elementor-widget-wrap elementor-element-populated\">\n\t\t\t\t\t\t<div class=\"elementor-element elementor-element-182cac00 jltma-glass-effect-no elementor-widget elementor-widget-heading\" data-id=\"182cac00\" data-element_type=\"widget\" data-e-type=\"widget\" data-widget_type=\"heading.default\">\n\t\t\t\t<div class=\"elementor-widget-container\">\n\t\t\t\t\t<h4 class=\"elementor-heading-title elementor-size-default\">Vaccins<\/h4>\t\t\t\t<\/div>\n\t\t\t\t<\/div>\n\t\t\t\t\t<\/div>\n\t\t<\/div>\n\t\t\t\t\t<\/div>\n\t\t<\/section>\n\t\t\t\t<section class=\"elementor-section elementor-inner-section elementor-element elementor-element-7439943d elementor-section-boxed elementor-section-height-default elementor-section-height-default wpr-particle-no wpr-jarallax-no wpr-parallax-no wpr-sticky-section-no jltma-glass-effect-no\" data-id=\"7439943d\" data-element_type=\"section\" data-e-type=\"section\">\n\t\t\t\t\t\t<div class=\"elementor-container elementor-column-gap-default\">\n\t\t\t\t\t<div class=\"elementor-column elementor-col-100 elementor-inner-column elementor-element elementor-element-3c6ef54f jltma-glass-effect-no\" data-id=\"3c6ef54f\" data-element_type=\"column\" data-e-type=\"column\" data-settings=\"{&quot;background_background&quot;:&quot;classic&quot;}\">\n\t\t\t<div class=\"elementor-widget-wrap elementor-element-populated\">\n\t\t\t\t\t\t<div class=\"elementor-element elementor-element-5dcd081c jltma-glass-effect-no elementor-widget elementor-widget-heading\" data-id=\"5dcd081c\" data-element_type=\"widget\" data-e-type=\"widget\" data-widget_type=\"heading.default\">\n\t\t\t\t<div class=\"elementor-widget-container\">\n\t\t\t\t\t<h4 class=\"elementor-heading-title elementor-size-default\"><a href=\"http:\/\/csmodestie.org\/index.php\/service-labo\/\">Pr\u00e9l\u00e8vement - Laboratoire<\/a><\/h4>\t\t\t\t<\/div>\n\t\t\t\t<\/div>\n\t\t\t\t\t<\/div>\n\t\t<\/div>\n\t\t\t\t\t<\/div>\n\t\t<\/section>\n\t\t\t\t<section class=\"elementor-section elementor-inner-section elementor-element elementor-element-5f7ffb7c elementor-section-boxed elementor-section-height-default elementor-section-height-default wpr-particle-no wpr-jarallax-no wpr-parallax-no wpr-sticky-section-no jltma-glass-effect-no\" data-id=\"5f7ffb7c\" data-element_type=\"section\" data-e-type=\"section\">\n\t\t\t\t\t\t<div class=\"elementor-container elementor-column-gap-default\">\n\t\t\t\t\t<div class=\"elementor-column elementor-col-100 elementor-inner-column elementor-element elementor-element-c7fc471 jltma-glass-effect-no\" data-id=\"c7fc471\" data-element_type=\"column\" data-e-type=\"column\" data-settings=\"{&quot;background_background&quot;:&quot;classic&quot;}\">\n\t\t\t<div class=\"elementor-widget-wrap elementor-element-populated\">\n\t\t\t\t\t\t<div class=\"elementor-element elementor-element-44090ea6 jltma-glass-effect-no elementor-widget elementor-widget-heading\" data-id=\"44090ea6\" data-element_type=\"widget\" data-e-type=\"widget\" data-widget_type=\"heading.default\">\n\t\t\t\t<div class=\"elementor-widget-container\">\n\t\t\t\t\t<h4 class=\"elementor-heading-title elementor-size-default\"><a href=\"http:\/\/csmodestie.org\/index.php\/service-covid\/\">Covid-19<\/a><\/h4>\t\t\t\t<\/div>\n\t\t\t\t<\/div>\n\t\t\t\t\t<\/div>\n\t\t<\/div>\n\t\t\t\t\t<\/div>\n\t\t<\/section>\n\t\t\t\t\t<\/div>\n\t\t<\/div>\n\t\t\t\t<div class=\"elementor-column elementor-col-50 elementor-top-column elementor-element elementor-element-5818dea2 jltma-glass-effect-no\" data-id=\"5818dea2\" data-element_type=\"column\" data-e-type=\"column\">\n\t\t\t<div class=\"elementor-widget-wrap elementor-element-populated\">\n\t\t\t\t\t\t<div class=\"elementor-element elementor-element-517e7fd2 jltma-glass-effect-no elementor-widget elementor-widget-heading\" data-id=\"517e7fd2\" data-element_type=\"widget\" data-e-type=\"widget\" data-widget_type=\"heading.default\">\n\t\t\t\t<div class=\"elementor-widget-container\">\n\t\t\t\t\t<h2 class=\"elementor-heading-title elementor-size-default\">Vaccins<\/h2>\t\t\t\t<\/div>\n\t\t\t\t<\/div>\n\t\t\t\t<div class=\"elementor-element elementor-element-632833fd jltma-glass-effect-no elementor-widget elementor-widget-text-editor\" data-id=\"632833fd\" data-element_type=\"widget\" data-e-type=\"widget\" data-widget_type=\"text-editor.default\">\n\t\t\t\t<div class=\"elementor-widget-container\">\n\t\t\t\t\t\t\t\t\tLa\u00a0<strong><em>vaccination<\/em>\u00a0<\/strong>est le meilleur moyen pour \u00eatre immunis\u00e9 contre les maladies afin de se prot\u00e9ger et de prot\u00e9ger les autres.\n\nLe Centre de Sant\u00e9 la Modestie offre plusieurs services de vaccins\n<ul>\n \t<li>La totalit\u00e9 des vaccins PEV<\/li>\n \t<li>Vaccins pour les femmes en condition de grossesse.<\/li>\n \t<li>etc&#8230;<\/li>\n<\/ul>\nVous avez besoin de vaccins ?\n<ul>\n \t<li><strong>Sur place<\/strong><\/li>\n<\/ul>\nLe centre de sant\u00e9 offre des services de vaccins pendants les p\u00e9riodes pr\u00e9vues de mani\u00e8re totale en son sein. Prenez rendez-vous en ligne <strong>  <a href=\"https:\/\/csmodestie.org\/index.php\/rendez-vous\/\"> ici<\/a><\/strong> ou rendez-vous directement sur place en cas d&rsquo;urgence.\n<ul>\n \t<li><strong>Chez vous<\/strong><\/li>\n<\/ul>\nEn cas de difficult\u00e9 de motion ou d&rsquo;urgence, consultez la section Urgence pour avoir toutes les informations relatives \u00e0 des services de soins \u00e0 domicile.\n\nContact : <span style=\"color: #ffffff;\"><span style=\"color: #ff0000;\">+237 694 781 534 \/+237 675 707 393<\/span><\/span>\t\t\t\t\t\t\t\t<\/div>\n\t\t\t\t<\/div>\n\t\t\t\t\t<\/div>\n\t\t<\/div>\n\t\t\t\t\t<\/div>\n\t\t<\/section>\n\t\t\t\t<\/div>\n\t\t","protected":false},"excerpt":{"rendered":"<p>Services &gt; vaccins Vaccins _______ Service d&rsquo;urgences _______ Consultation _______ Soins _______ Labo _______ Covid-19 _______ Services Urgence Consultation Soins Vaccins Pr\u00e9l\u00e8vement &#8211; Laboratoire Covid-19 Vaccins La\u00a0vaccination\u00a0est le meilleur moyen pour \u00eatre immunis\u00e9 contre les maladies afin de se prot\u00e9ger et de prot\u00e9ger les autres. Le Centre de Sant\u00e9 la Modestie offre plusieurs services de vaccins La totalit\u00e9 des vaccins PEV Vaccins pour les femmes en condition de grossesse. etc&#8230; Vous avez besoin de vaccins ? Sur place Le centre de sant\u00e9 offre des services de vaccins pendants les p\u00e9riodes pr\u00e9vues de mani\u00e8re totale en son sein. Prenez rendez-vous en ligne ici ou rendez-vous directement sur place en cas d&rsquo;urgence. Chez vous En cas de difficult\u00e9 de motion ou d&rsquo;urgence, consultez la section Urgence pour avoir toutes les informations relatives \u00e0 des services de soins \u00e0 domicile. Contact : +237 694 781 534 \/+237 675 707 393<\/p>\n","protected":false},"author":1,"featured_media":0,"parent":0,"menu_order":0,"comment_status":"closed","ping_status":"closed","template":"","meta":{"footnotes":""},"class_list":["post-715","page","type-page","status-publish","hentry","entry"],"_links":{"self":[{"href":"https:\/\/csmodestie.org\/index.php\/wp-json\/wp\/v2\/pages\/715","targetHints":{"allow":["GET"]}}],"collection":[{"href":"https:\/\/csmodestie.org\/index.php\/wp-json\/wp\/v2\/pages"}],"about":[{"href":"https:\/\/csmodestie.org\/index.php\/wp-json\/wp\/v2\/types\/page"}],"author":[{"embeddable":true,"href":"https:\/\/csmodestie.org\/index.php\/wp-json\/wp\/v2\/users\/1"}],"replies":[{"embeddable":true,"href":"https:\/\/csmodestie.org\/index.php\/wp-json\/wp\/v2\/comments?post=715"}],"version-history":[{"count":13,"href":"https:\/\/csmodestie.org\/index.php\/wp-json\/wp\/v2\/pages\/715\/revisions"}],"predecessor-version":[{"id":1001,"href":"https:\/\/csmodestie.org\/index.php\/wp-json\/wp\/v2\/pages\/715\/revisions\/1001"}],"wp:attachment":[{"href":"https:\/\/csmodestie.org\/index.php\/wp-json\/wp\/v2\/media?parent=715"}],"curies":[{"name":"wp","href":"https:\/\/api.w.org\/{rel}","templated":true}]}}